{"id":25,"date":"2025-02-26T13:15:34","date_gmt":"2025-02-26T13:15:34","guid":{"rendered":"https:\/\/rytilansukuseura.fi\/?page_id=25"},"modified":"2026-03-07T07:27:48","modified_gmt":"2026-03-07T07:27:48","slug":"etusivu","status":"publish","type":"page","link":"https:\/\/rytilansukuseura.fi\/","title":{"rendered":"Rytil\u00e4n Sukuseura ry"},"content":{"rendered":"<nav class=\"has-medium-font-size is-responsive wp-block-navigation is-layout-flex wp-block-navigation-is-layout-flex\" aria-label=\"Navigaatio\" \n\t\t data-wp-interactive=\"core\/navigation\" data-wp-context='{\"overlayOpenedBy\":{\"click\":false,\"hover\":false,\"focus\":false},\"type\":\"overlay\",\"roleAttribute\":\"\",\"ariaLabel\":\"Valikko\"}'><button aria-haspopup=\"dialog\" aria-label=\"Avaa valikko\" class=\"wp-block-navigation__responsive-container-open\" \n\t\t\t\tdata-wp-on--click=\"actions.openMenuOnClick\"\n\t\t\t\tdata-wp-on--keydown=\"actions.handleMenuKeydown\"\n\t\t\t><svg width=\"24\" height=\"24\" xmlns=\"http:\/\/www.w3.org\/2000\/svg\" viewBox=\"0 0 24 24\"><path d=\"M5 5v1.5h14V5H5z\"><\/path><path d=\"M5 12.8h14v-1.5H5v1.5z\"><\/path><path d=\"M5 19h14v-1.5H5V19z\"><\/path><\/svg><\/button>\n\t\t\t\t<div class=\"wp-block-navigation__responsive-container\"  id=\"modal-1\" \n\t\t\t\tdata-wp-class--has-modal-open=\"state.isMenuOpen\"\n\t\t\t\tdata-wp-class--is-menu-open=\"state.isMenuOpen\"\n\t\t\t\tdata-wp-watch=\"callbacks.initMenu\"\n\t\t\t\tdata-wp-on--keydown=\"actions.handleMenuKeydown\"\n\t\t\t\tdata-wp-on--focusout=\"actions.handleMenuFocusout\"\n\t\t\t\ttabindex=\"-1\"\n\t\t\t>\n\t\t\t\t\t<div class=\"wp-block-navigation__responsive-close\" tabindex=\"-1\">\n\t\t\t\t\t\t<div class=\"wp-block-navigation__responsive-dialog\" \n\t\t\t\tdata-wp-bind--aria-modal=\"state.ariaModal\"\n\t\t\t\tdata-wp-bind--aria-label=\"state.ariaLabel\"\n\t\t\t\tdata-wp-bind--role=\"state.roleAttribute\"\n\t\t\t>\n\t\t\t\t\t\t\t<button aria-label=\"Sulje valikko\" class=\"wp-block-navigation__responsive-container-close\" \n\t\t\t\tdata-wp-on--click=\"actions.closeMenuOnClick\"\n\t\t\t><svg xmlns=\"http:\/\/www.w3.org\/2000\/svg\" viewBox=\"0 0 24 24\" width=\"24\" height=\"24\" aria-hidden=\"true\" focusable=\"false\"><path d=\"m13.06 12 6.47-6.47-1.06-1.06L12 10.94 5.53 4.47 4.47 5.53 10.94 12l-6.47 6.47 1.06 1.06L12 13.06l6.47 6.47 1.06-1.06L13.06 12Z\"><\/path><\/svg><\/button>\n\t\t\t\t\t\t\t<div class=\"wp-block-navigation__responsive-container-content\" \n\t\t\t\tdata-wp-watch=\"callbacks.focusFirstElement\"\n\t\t\t id=\"modal-1-content\">\n\t\t\t\t\t\t\t\t<ul class=\"wp-block-navigation__container has-medium-font-size is-responsive wp-block-navigation has-medium-font-size\"><li style=\"line-height:2.5;\" class=\"has-medium-font-size wp-block-navigation-item wp-block-navigation-link\"><a class=\"wp-block-navigation-item__content\"  href=\"https:\/\/rytilansukuseura.fi\"><span class=\"wp-block-navigation-item__label\">ETUSIVU<\/span><\/a><\/li><li style=\"line-height:2.5;\" class=\"has-medium-font-size wp-block-navigation-item wp-block-navigation-link\"><a class=\"wp-block-navigation-item__content\"  href=\"https:\/\/rytilansukuseura.fi\/?page_id=32\"><span class=\"wp-block-navigation-item__label\">SUKUHISTORIAA<\/span><\/a><\/li><li data-wp-context=\"{ &quot;submenuOpenedBy&quot;: { &quot;click&quot;: false, &quot;hover&quot;: false, &quot;focus&quot;: false }, &quot;type&quot;: &quot;submenu&quot;, &quot;modal&quot;: null, &quot;previousFocus&quot;: null }\" data-wp-interactive=\"core\/navigation\" data-wp-on--focusout=\"actions.handleMenuFocusout\" data-wp-on--keydown=\"actions.handleMenuKeydown\" data-wp-on--mouseenter=\"actions.openMenuOnHover\" data-wp-on--mouseleave=\"actions.closeMenuOnHover\" data-wp-watch=\"callbacks.initMenu\" tabindex=\"-1\" style=\"line-height:2.5;\" class=\"wp-block-navigation-item has-medium-font-size has-child open-on-hover-click wp-block-navigation-submenu\"><a class=\"wp-block-navigation-item__content\" href=\"https:\/\/rytilansukuseura.fi\/?page_id=20\"><span class=\"wp-block-navigation-item__label\">J\u00c4SENILLE<\/span><\/a><button data-wp-bind--aria-expanded=\"state.isMenuOpen\" data-wp-on--click=\"actions.toggleMenuOnClick\" aria-label=\"J\u00c4SENILLE alavalikko\" class=\"wp-block-navigation__submenu-icon wp-block-navigation-submenu__toggle\" ><svg xmlns=\"http:\/\/www.w3.org\/2000\/svg\" width=\"12\" height=\"12\" viewBox=\"0 0 12 12\" fill=\"none\" aria-hidden=\"true\" focusable=\"false\"><path d=\"M1.50002 4L6.00002 8L10.5 4\" stroke-width=\"1.5\"><\/path><\/svg><\/button><ul data-wp-on--focus=\"actions.openMenuOnFocus\" style=\"line-height:2.5;\" class=\"wp-block-navigation__submenu-container wp-block-navigation-submenu\"><li class=\"has-medium-font-size wp-block-navigation-item wp-block-navigation-link\"><a class=\"wp-block-navigation-item__content\"  href=\"https:\/\/rytilansukuseura.fi\/?page_id=272\"><span class=\"wp-block-navigation-item__label\">Rytil\u00e4n suvun tarinoita<\/span><\/a><\/li><li class=\"has-medium-font-size wp-block-navigation-item wp-block-navigation-link\"><a class=\"wp-block-navigation-item__content\"  href=\"https:\/\/rytilansukuseura.fi\/?page_id=292\"><span class=\"wp-block-navigation-item__label\">Rytil\u00e4n reseptej\u00e4<\/span><\/a><\/li><\/ul><\/li><\/ul><ul class=\"wp-block-navigation__container has-medium-font-size is-responsive wp-block-navigation has-medium-font-size\"><li style=\"line-height:2.5;\" class=\"has-medium-font-size wp-block-navigation-item wp-block-navigation-link\"><a class=\"wp-block-navigation-item__content\"  href=\"https:\/\/rytilansukuseura.fi\/?page_id=23\"><span class=\"wp-block-navigation-item__label\">Toiminta<\/span><\/a><\/li><li style=\"line-height:2.5;\" class=\"has-medium-font-size wp-block-navigation-item wp-block-navigation-link\"><a class=\"wp-block-navigation-item__content\"  href=\"https:\/\/rytilansukuseura.fi\/?page_id=28\"><span class=\"wp-block-navigation-item__label\">Kuvat<\/span><\/a><\/li><li class=\"has-medium-font-size wp-block-navigation-item wp-block-navigation-link\"><a class=\"wp-block-navigation-item__content\"  href=\"https:\/\/rytilansukuseura.fi\/?page_id=362\"><span class=\"wp-block-navigation-item__label\">S\u00c4\u00c4NN\u00d6T<\/span><\/a><\/li><li class=\"has-medium-font-size wp-block-navigation-item wp-block-navigation-link\"><a class=\"wp-block-navigation-item__content\"  href=\"https:\/\/rytilansukuseura.fi\/?page_id=382\"><span class=\"wp-block-navigation-item__label\">MYYT\u00c4V\u00c4T TUOTTEET<\/span><\/a><\/li><\/ul>\n\t\t\t\t\t\t\t<\/div>\n\t\t\t\t\t\t<\/div>\n\t\t\t\t\t<\/div>\n\t\t\t\t<\/div><\/nav>\n\n\n<p class=\"has-text-align-center\"><img loading=\"lazy\" decoding=\"async\" width=\"150\" height=\"154\" class=\"wp-image-188\" style=\"width: 150px;\" src=\"https:\/\/rytilansukuseura.fi\/wp-content\/uploads\/2025\/07\/logo.jpg\" alt=\"\" srcset=\"https:\/\/rytilansukuseura.fi\/wp-content\/uploads\/2025\/07\/logo.jpg 606w, https:\/\/rytilansukuseura.fi\/wp-content\/uploads\/2025\/07\/logo-292x300.jpg 292w\" sizes=\"auto, (max-width: 150px) 100vw, 150px\" \/><\/p>\n\n\n\n<p><strong>Esittely<\/strong><\/p>\n\n\n\n<p>Rytil\u00e4n talon ensimm\u00e4inen is\u00e4nt\u00e4, Erkki Alanikkil\u00e4, muutti vaimonsa, Loviisan o.s. Asumalahden, kanssa Parkanon Rytil\u00e4\u00e4n 1.9.1814 Ikaalisten em\u00e4pit\u00e4j\u00e4st\u00e4. Ajan tavan mukaan sukunimeksi otettiin talon nimi eli Rytil\u00e4.<\/p>\n\n\n\n<p>Parkano on ollut n. 1640-1867 osa Suur-Ikaalista (siihen kuului mm. Ikaalinen, Parkano, Kankaanp\u00e4\u00e4, Kihni\u00f6, J\u00e4mij\u00e4rvi, Karvia, Honkajoki).&nbsp;Parkanosta muodostettiin v. 1867 itsen\u00e4inen seurakunta ja samalla kunta.&nbsp;N\u00e4in kuntaliitosmyllytyksess\u00e4 tuntuu, \u201dettei mit\u00e4\u00e4n uutta auringon alla\u201d, palataan takaisin menneisiin aikoihin, suurkuntiin!<\/p>\n\n\n\n<p>Rytil\u00e4n sukuseura perustettiin suvun kantais\u00e4n ja -\u00e4idin kotikunnassa Ikaalisissa, jossa sukujen vaiheita voidaan seurata aina 1540-luvulle saakka. Erkki Alanikkil\u00e4 oli kotoisin V\u00e4h\u00e4r\u00f6yhi\u00f6st\u00e4 ja Loviisa Asumalahti Isor\u00f6yhi\u00f6st\u00e4.<\/p>\n\n\n\n<p>Maiju Viitaniemi o.s. Rytil\u00e4 oli l\u00e4hestynyt serkkujaan kirjeitse houkutellen heit\u00e4 mukaan perustamaan sukuseuraa ja laatimaan sukukirjaa.&nbsp;Haasteeseen vastattiin, niinp\u00e4 27.8.2011 Ikaalisten kylpyl\u00e4\u00e4n saapui paikalle 12 suvun j\u00e4sent\u00e4 perustavaan sukuseuran kokoukseen.<\/p>\n\n\n\n<p>Kokouksessa puhetta johtanut Pekka Rytil\u00e4 kertoi, kuinka Rytil\u00e4-nimi tulee monesta kielest\u00e4 ja ehdotti sukuseuran nimeksi Apajanmaan Rytil\u00e4t. Apaja tarkoittaa nuotanvetoa, rytil\u00e4l\u00e4iset ovat olleet aina kovia kalastamaan. P\u00e4\u00e4dyttiin kuitenkin nimeen Rytil\u00e4n sukuseura.<\/p>\n\n\n\n<p>Alustuksessaan Maiju Viitaniemi korosti my\u00f6s nykyihmisten tarvetta yhteis\u00f6llisyyteen, tarvetta perinteiden vaalimiseen ja tietojen tallentamiseen j\u00e4lkipolville. T\u00e4t\u00e4 ty\u00f6t\u00e4 h\u00e4n on ansiokkaasti tehnyt kirjoittamalla kuusi kirjaa nykyisen kotiseutunsa vaiheista ja nyt h\u00e4nell\u00e4 on ty\u00f6stett\u00e4v\u00e4n\u00e4 kaksiosainen teos Rytil\u00e4n suvusta. Maiju er\u00e4\u00e4ss\u00e4 kirjassaan lausuu \u201don rohjettava olla kotoisin jostakin\u201d!<\/p>\n\n\n\n<p>Rytil\u00e4n sukuseuran ensimm\u00e4inen hallitus kokoontui hein\u00e4kuussa 2012 Martti Vatusen&nbsp;Koskenkohinan huvilalla. Paikalle nimen ovat antaneet hammasl\u00e4\u00e4k\u00e4ripariskunta Antti ja Helvi &nbsp;Virta, jotka ostivat tontin is\u00e4lt\u00e4ni, Yrj\u00f6 Uusivatuselta, ja rakensivat &nbsp;siihen huvilan v. 1949. Omistukseeni Koskenkohina siirtyi v. 1965.<\/p>\n\n\n\n<p>Koskenkohina; luonto\u00e4iti j\u00e4rjestikin kokousajankohdaksi sellaiset kosken kuohut, joita min\u00e4k\u00e4\u00e4n en ole koskaan kokenut hein\u00e4kuussa. Vett\u00e4 satoi kolmena kokousta edelt\u00e4v\u00e4n\u00e4 p\u00e4iv\u00e4n\u00e4 yhteens\u00e4 117mm. Virtaama koskessa l\u00e4henteli normaalikev\u00e4\u00e4n tulvalukemia ja Kirkkoj\u00e4rven vedenpinta nousi vuorokaudessa 0,5 metri\u00e4. Luonto n\u00e4ytti n\u00e4in voimansa kokousvieraille!<\/p>\n\n\n\n<p>Tilaisuudessa Erkki Rytil\u00e4 esitteli Rytil\u00e4n suvun kauniin vaakunan, jonka on suunnitellut ja piirt\u00e4nyt heraldikko Eero Pylsy. Vaakunassa on kuvattu rytil\u00e4l\u00e4isyyteen liittyvi\u00e4 aiheita: ryti, seitsem\u00e4n t\u00e4hk\u00e4\u00e4, vesi, Parkkam\u00e4nty.<\/p>\n\n\n\n<p>J\u00e4rviruoko=ryti; sen k\u00e4ytt\u00f6 on ollut ikivanhaa ja monipuolista: sit\u00e4 on k\u00e4ytetty mm. rakentamiseen, eristeeksi, soittimiin, patjojen t\u00e4ytteeksi, karjan ruokintaan, kuivikkeeksi, energian tuotantoon.<\/p>\n\n\n\n<p>Parkkam\u00e4nty; kansantarinoiden mukaan Parkano on saanut nimens\u00e4 m\u00e4nnyn mukaan, joka oli er\u00e4miesten kohtaamispaikka, siin\u00e4, miss\u00e4 Kirkkoj\u00e4rvest\u00e4 l\u00e4htev\u00e4 joki laskee Viinikkajokeen.<\/p>\n\n\n\n<p>Lopuksi er\u00e4\u00e4n tunnetun henkil\u00f6n sanoja vapaasti muotoillen:<\/p>\n\n\n\n<figure class=\"wp-block-pullquote\" style=\"border-style:none;border-width:0px;margin-top:0;margin-right:0;margin-bottom:0;margin-left:0;padding-top:20;padding-right:20;padding-bottom:20;padding-left:20\"><blockquote><p><\/p><cite>\u201dIhminen, joka ei tunne menneisyytt\u00e4, ei voi rakentaa nykyisyytt\u00e4, eik\u00e4 suunnitella tulevaisuutta\u201d<\/cite><\/blockquote><\/figure>\n\n\n\n<p><strong>Martti Vatunen<\/strong><\/p>\n\n\n\n<div style=\"height:48px\" aria-hidden=\"true\" class=\"wp-block-spacer\"><\/div>\n\n\n\n<p><strong>Tarina, joka kuvaa hyvin sukumme syntysijoja:<\/strong><\/p>\n\n\n\n<p><a href=\"https:\/\/www.messon.fi\/kyronkankaantie\/Kyronkankaan_talvitie.pdf\">https:\/\/www.messon.fi\/kyronkankaantie\/Kyronkankaan_talvitie.pdf<\/a><\/p>\n\n\n\n<div style=\"height:49px\" aria-hidden=\"true\" class=\"wp-block-spacer\"><\/div>\n\n\n<p><!-- \/wp:post-content --><\/p>\n<p><!-- wp:paragraph --><\/p>\n<p><!-- \/wp:paragraph --><\/p>\n<p><!-- \/wp:paragraph --><\/p>\n<p><!-- wp:paragraph --><\/p>\n<p><!-- \/wp:group --><\/p>\n<p><!-- \/wp:paragraph --><\/p>\n<p><!-- wp:paragraph --><\/p>\n<p><!-- \/wp:column --><\/p>\n<p><!-- \/wp:paragraph --><\/p>\n<p><!-- wp:paragraph --><\/p>\n<p><!-- \/wp:columns --><!-- wp:embed {\"url\":\"https:\/\/youtu.be\/Gh3NImdnYlg?si=AItA_reKYjUrdo_4\",\"type\":\"video\",\"providerNameSlug\":\"youtube\",\"responsive\":true,\"className\":\"wp-embed-aspect-4-3 wp-has-aspect-ratio\"} --><\/p>\n<p><!-- \/wp:paragraph --><\/p>\n<p><!-- wp:html --><\/p>\n<figure><\/figure>\n<p><!-- \/wp:html --><\/p>\n<p><!-- wp:paragraph --><\/p>\n<p><!-- \/wp:embed --><!-- wp:paragraph --><\/p>\n<p><!-- \/wp:paragraph --><\/p>\n<p><!-- wp:paragraph --><\/p>\n<p><!-- \/wp:paragraph --><!-- wp:paragraph --><\/p>\n<p><!-- \/wp:paragraph --><\/p>\n<p><!-- wp:paragraph --><\/p>\n<p><strong>Suvun tunnuslaulu on &#8221;Sunnuntai-aamuna&#8221;<\/strong><\/p>\n<p><!-- \/wp:paragraph --><\/p>\n<p><!-- wp:paragraph --><\/p>\n<p><!-- \/wp:paragraph --><!-- wp:verse --><\/p>\n<p><!-- \/wp:paragraph --><\/p>\n<p><!-- wp:paragraph --><\/p>\n<p>On kes\u00e4n kirkas huomen<br \/>ja suvi-sunnuntai.<br \/>Ei liiku lehti tuomen,<br \/>On lintunenkin vait.<\/p>\n<p><!-- \/wp:paragraph --><\/p>\n<p><!-- wp:paragraph --><\/p>\n<p>Vienosti kukkii pellot,<br \/>ja vaarat vihannoi<br \/>ja hartaast&#8217; aamukellot<br \/>vaan rauhaa, rauhaa soi.<\/p>\n<p><!-- \/wp:paragraph --><\/p>\n<p><!-- wp:paragraph --><\/p>\n<p>Kuin pyh\u00e4in juhlasaatto<br \/>k\u00e4y soinnut yli maan.<br \/>T\u00e4\u00e4 on kuin p\u00e4iv\u00e4n aatto<br \/>sen suuren autuaan.<\/p>\n<p><!-- \/wp:paragraph --><\/p>\n<p><!-- wp:paragraph --><\/p>\n<p>Se luopi tyynen mielen<br \/>v\u00e4reilyyn hiljaiseen.<br \/>Saa sanottomaks&#8217; kielen<br \/>ja silm\u00e4\u00e4n kyyneleen.<\/p>\n<p><!-- \/wp:paragraph --><\/p>\n<p><!-- wp:paragraph --><\/p>\n<p>san. Simo Korpela<\/p>\n<p><!-- \/wp:embed --><\/p>\n<p><!-- wp:paragraph --><\/p>\n<p><!-- \/wp:verse --><\/p>\n<p><!-- \/wp:paragraph --><\/p>\n<p><!-- wp:paragraph --><\/p>\n<p><!-- \/wp:paragraph --><\/p>\n<p><!-- wp:paragraph --><\/p>\n<p><!-- \/wp:paragraph --><\/p>\n<p><!-- wp:paragraph --><\/p>\n<p><!-- \/wp:paragraph --><\/p>\n<p><!-- wp:paragraph --><\/p>\n<p><!-- \/wp:paragraph --><\/p>\n<p><!-- wp:paragraph --><\/p>\n<p><!-- \/wp:paragraph --><\/p>","protected":false},"excerpt":{"rendered":"<p>Esittely Rytil\u00e4n talon ensimm\u00e4inen is\u00e4nt\u00e4, Erkki Alanikkil\u00e4, muutti vaimonsa, Loviisan o.s. Asumalahden, kanssa Parkanon Rytil\u00e4\u00e4n 1.9.1814 Ikaalisten em\u00e4pit\u00e4j\u00e4st\u00e4. Ajan tavan mukaan sukunimeksi otettiin talon nimi eli Rytil\u00e4. Parkano on ollut n. 1640-1867 osa Suur-Ikaalista (siihen kuului mm. Ikaalinen, Parkano, Kankaanp\u00e4\u00e4, Kihni\u00f6, J\u00e4mij\u00e4rvi, Karvia, Honkajoki).&nbsp;Parkanosta muodostettiin v. 1867 itsen\u00e4inen seurakunta ja samalla kunta.&nbsp;N\u00e4in kuntaliitosmyllytyksess\u00e4 tuntuu, \u201dettei [&hellip;]<\/p>\n","protected":false},"author":1,"featured_media":35,"parent":0,"menu_order":0,"comment_status":"closed","ping_status":"closed","template":"","meta":{"footnotes":""},"class_list":["post-25","page","type-page","status-publish","has-post-thumbnail","hentry"],"_links":{"self":[{"href":"https:\/\/rytilansukuseura.fi\/index.php?rest_route=\/wp\/v2\/pages\/25","targetHints":{"allow":["GET"]}}],"collection":[{"href":"https:\/\/rytilansukuseura.fi\/index.php?rest_route=\/wp\/v2\/pages"}],"about":[{"href":"https:\/\/rytilansukuseura.fi\/index.php?rest_route=\/wp\/v2\/types\/page"}],"author":[{"embeddable":true,"href":"https:\/\/rytilansukuseura.fi\/index.php?rest_route=\/wp\/v2\/users\/1"}],"replies":[{"embeddable":true,"href":"https:\/\/rytilansukuseura.fi\/index.php?rest_route=%2Fwp%2Fv2%2Fcomments&post=25"}],"version-history":[{"count":41,"href":"https:\/\/rytilansukuseura.fi\/index.php?rest_route=\/wp\/v2\/pages\/25\/revisions"}],"predecessor-version":[{"id":387,"href":"https:\/\/rytilansukuseura.fi\/index.php?rest_route=\/wp\/v2\/pages\/25\/revisions\/387"}],"wp:featuredmedia":[{"embeddable":true,"href":"https:\/\/rytilansukuseura.fi\/index.php?rest_route=\/wp\/v2\/media\/35"}],"wp:attachment":[{"href":"https:\/\/rytilansukuseura.fi\/index.php?rest_route=%2Fwp%2Fv2%2Fmedia&parent=25"}],"curies":[{"name":"wp","href":"https:\/\/api.w.org\/{rel}","templated":true}]}}