{"id":382,"date":"2026-03-07T07:26:22","date_gmt":"2026-03-07T07:26:22","guid":{"rendered":"https:\/\/rytilansukuseura.fi\/?page_id=382"},"modified":"2026-03-07T07:26:22","modified_gmt":"2026-03-07T07:26:22","slug":"myytavat-tuotteet","status":"publish","type":"page","link":"https:\/\/rytilansukuseura.fi\/?page_id=382","title":{"rendered":"MYYT\u00c4V\u00c4T TUOTTEET"},"content":{"rendered":"\n<p>Sukuseuran tuotteita voit tilata s\u00e4hk\u00f6postilla sihteerilt\u00e4 essi.rytila@gmail.com tai kenelt\u00e4 tahansa hallituksen j\u00e4senelt\u00e4.<\/p>\n\n\n\n<p>Myynniss\u00e4 olevia tuotteita:<\/p>\n\n\n\n<p class=\"has-text-align-center\">Sukukirjat (tarkempi esittely kirjoista l\u00f6ytyy <a href=\"https:\/\/rytilansukuseura.fi\/?page_id=98\" data-type=\"page\" data-id=\"98\">t\u00e4\u00e4lt\u00e4<\/a>):<\/p>\n\n\n\n<p class=\"has-text-align-center\">Kirja 1 30 \u20ac<\/p>\n\n\n\n<p class=\"has-text-align-center\">Kirja 2 20 \u20ac<\/p>\n\n\n\n<p class=\"has-text-align-center\">Kirja 3 40 \u20ac<\/p>\n\n\n\n<p class=\"has-text-align-center\">Kirja 4 20 \u20ac<\/p>\n\n\n\n<p class=\"has-text-align-center\">T-paidat (sin\/valk) 20 \u20ac<\/p>\n\n\n\n<p class=\"has-text-align-center\">P\u00f6yt\u00e4standaari 30 \u20ac<\/p>\n\n\n\n<figure class=\"wp-block-image size-large\"><img loading=\"lazy\" decoding=\"async\" width=\"1024\" height=\"768\" src=\"https:\/\/rytilansukuseura.fi\/wp-content\/uploads\/2026\/01\/IMG-20250823-WA0034-1024x768.jpg\" alt=\"\" class=\"wp-image-320\" srcset=\"https:\/\/rytilansukuseura.fi\/wp-content\/uploads\/2026\/01\/IMG-20250823-WA0034-1024x768.jpg 1024w, https:\/\/rytilansukuseura.fi\/wp-content\/uploads\/2026\/01\/IMG-20250823-WA0034-300x225.jpg 300w, https:\/\/rytilansukuseura.fi\/wp-content\/uploads\/2026\/01\/IMG-20250823-WA0034-768x576.jpg 768w, https:\/\/rytilansukuseura.fi\/wp-content\/uploads\/2026\/01\/IMG-20250823-WA0034-1536x1152.jpg 1536w, https:\/\/rytilansukuseura.fi\/wp-content\/uploads\/2026\/01\/IMG-20250823-WA0034.jpg 2040w\" sizes=\"auto, (max-width: 1024px) 100vw, 1024px\" \/><\/figure>\n\n\n\n<figure class=\"wp-block-image size-large\"><img loading=\"lazy\" decoding=\"async\" width=\"1024\" height=\"768\" src=\"https:\/\/rytilansukuseura.fi\/wp-content\/uploads\/2026\/03\/IMG-20250823-WA0035-1024x768.jpg\" alt=\"\" class=\"wp-image-383\" srcset=\"https:\/\/rytilansukuseura.fi\/wp-content\/uploads\/2026\/03\/IMG-20250823-WA0035-1024x768.jpg 1024w, https:\/\/rytilansukuseura.fi\/wp-content\/uploads\/2026\/03\/IMG-20250823-WA0035-300x225.jpg 300w, https:\/\/rytilansukuseura.fi\/wp-content\/uploads\/2026\/03\/IMG-20250823-WA0035-768x576.jpg 768w, https:\/\/rytilansukuseura.fi\/wp-content\/uploads\/2026\/03\/IMG-20250823-WA0035-1536x1152.jpg 1536w, https:\/\/rytilansukuseura.fi\/wp-content\/uploads\/2026\/03\/IMG-20250823-WA0035.jpg 2040w\" sizes=\"auto, (max-width: 1024px) 100vw, 1024px\" \/><\/figure>\n","protected":false},"excerpt":{"rendered":"<p>Sukuseuran tuotteita voit tilata s\u00e4hk\u00f6postilla sihteerilt\u00e4 essi.rytila@gmail.com tai kenelt\u00e4 tahansa hallituksen j\u00e4senelt\u00e4. Myynniss\u00e4 olevia tuotteita: Sukukirjat (tarkempi esittely kirjoista l\u00f6ytyy t\u00e4\u00e4lt\u00e4): Kirja 1 30 \u20ac Kirja 2 20 \u20ac Kirja 3 40 \u20ac Kirja 4 20 \u20ac T-paidat (sin\/valk) 20 \u20ac P\u00f6yt\u00e4standaari 30 \u20ac<\/p>\n","protected":false},"author":1,"featured_media":0,"parent":0,"menu_order":0,"comment_status":"closed","ping_status":"closed","template":"","meta":{"footnotes":""},"class_list":["post-382","page","type-page","status-publish","hentry"],"_links":{"self":[{"href":"https:\/\/rytilansukuseura.fi\/index.php?rest_route=\/wp\/v2\/pages\/382","targetHints":{"allow":["GET"]}}],"collection":[{"href":"https:\/\/rytilansukuseura.fi\/index.php?rest_route=\/wp\/v2\/pages"}],"about":[{"href":"https:\/\/rytilansukuseura.fi\/index.php?rest_route=\/wp\/v2\/types\/page"}],"author":[{"embeddable":true,"href":"https:\/\/rytilansukuseura.fi\/index.php?rest_route=\/wp\/v2\/users\/1"}],"replies":[{"embeddable":true,"href":"https:\/\/rytilansukuseura.fi\/index.php?rest_route=%2Fwp%2Fv2%2Fcomments&post=382"}],"version-history":[{"count":1,"href":"https:\/\/rytilansukuseura.fi\/index.php?rest_route=\/wp\/v2\/pages\/382\/revisions"}],"predecessor-version":[{"id":384,"href":"https:\/\/rytilansukuseura.fi\/index.php?rest_route=\/wp\/v2\/pages\/382\/revisions\/384"}],"wp:attachment":[{"href":"https:\/\/rytilansukuseura.fi\/index.php?rest_route=%2Fwp%2Fv2%2Fmedia&parent=382"}],"curies":[{"name":"wp","href":"https:\/\/api.w.org\/{rel}","templated":true}]}}